{"id":3037,"date":"2025-04-18T08:01:05","date_gmt":"2025-04-18T08:01:05","guid":{"rendered":"https:\/\/polatpalandoken.com\/?page_id=3037"},"modified":"2025-12-11T09:07:16","modified_gmt":"2025-12-11T09:07:16","slug":"canli-yayin","status":"publish","type":"page","link":"https:\/\/polatpalandoken.com\/tr\/canli-yayin\/","title":{"rendered":"Canl\u0131 Yay\u0131n"},"content":{"rendered":"\t\t<div data-elementor-type=\"wp-page\" data-elementor-id=\"3037\" class=\"elementor elementor-3037\">\n\t\t\t\t\t\t\t<div class=\"elementor-element elementor-element-17f1013 e-container--column e-container\" data-id=\"17f1013\" data-element_type=\"container\" data-settings=\"{&quot;background_background&quot;:&quot;classic&quot;}\">\t\t\t\t<div class=\"elementor-element elementor-element-1f1e080 elementor-widget elementor-widget-spacer\" data-id=\"1f1e080\" data-element_type=\"widget\" data-widget_type=\"spacer.default\">\n\t\t\t\t<div class=\"elementor-widget-container\">\n\t\t\t<style>\/*! elementor - v3.7.4 - 31-08-2022 *\/\n.elementor-column .elementor-spacer-inner{height:var(--spacer-size)}.e-container{--container-widget-width:100%}.e-container>.elementor-widget-spacer{width:var(--container-widget-width,var(--spacer-size));-ms-flex-item-align:stretch;align-self:stretch;-ms-flex-negative:0;flex-shrink:0}.e-container>.elementor-widget-spacer>.elementor-widget-container,.e-container>.elementor-widget-spacer>.elementor-widget-container>.elementor-spacer{height:100%}.e-container>.elementor-widget-spacer>.elementor-widget-container>.elementor-spacer>.elementor-spacer-inner{height:var(--container-widget-height,var(--spacer-size))}<\/style>\t\t<div class=\"elementor-spacer\">\n\t\t\t<div class=\"elementor-spacer-inner\"><\/div>\n\t\t<\/div>\n\t\t\t\t<\/div>\n\t\t\t\t<\/div>\n\t\t\t\t<div class=\"elementor-element elementor-element-ad0cc62 elementor-widget__width-initial elementor-widget-tablet__width-initial elementor-widget elementor-widget-html\" data-id=\"ad0cc62\" data-element_type=\"widget\" data-widget_type=\"html.default\">\n\t\t\t\t<div class=\"elementor-widget-container\">\n\t\t\t<iframe \r\n  src=\"https:\/\/www.polatturizm.com.tr\/palandoken.php\"\r\n  style=\"width:100%;max-width:960px;height:540px;border:0;display:block;margin:0 auto;\"\r\n  allowfullscreen\r\n  loading=\"lazy\">\r\n<\/iframe>\r\n\t\t<\/div>\n\t\t\t\t<\/div>\n\t\t<\/div>\t\t\t\t\t<\/div>\n\t\t","protected":false},"excerpt":{"rendered":"","protected":false},"author":1,"featured_media":0,"parent":0,"menu_order":0,"comment_status":"closed","ping_status":"closed","template":"","meta":{"inline_featured_image":false,"site-sidebar-layout":"no-sidebar","site-content-layout":"page-builder","ast-global-header-display":"","ast-main-header-display":"","ast-hfb-above-header-display":"","ast-hfb-below-header-display":"","ast-hfb-mobile-header-display":"","site-post-title":"disabled","ast-breadcrumbs-content":"","ast-featured-img":"disabled","footer-sml-layout":"","theme-transparent-header-meta":"default","adv-header-id-meta":"","stick-header-meta":"","header-above-stick-meta":"","header-main-stick-meta":"","header-below-stick-meta":"","footnotes":""},"class_list":["post-3037","page","type-page","status-publish","hentry"],"yoast_head":"<!-- This site is optimized with the Yoast SEO Premium plugin v17.3 (Yoast SEO v19.12) - https:\/\/yoast.com\/wordpress\/plugins\/seo\/ -->\n<title>Canl\u0131 Yay\u0131n - Polat Paland\u00f6ken - T\u00fcrkiye&#039;nin en iyi Kayak Oteli<\/title>\n<meta name=\"robots\" content=\"index, follow, max-snippet:-1, max-image-preview:large, max-video-preview:-1\" \/>\n<link rel=\"canonical\" href=\"https:\/\/polatpalandoken.com\/tr\/canli-yayin\/\" \/>\n<meta property=\"og:locale\" content=\"tr_TR\" \/>\n<meta property=\"og:type\" content=\"article\" \/>\n<meta property=\"og:title\" content=\"Canl\u0131 Yay\u0131n\" \/>\n<meta property=\"og:url\" content=\"https:\/\/polatpalandoken.com\/tr\/canli-yayin\/\" \/>\n<meta property=\"og:site_name\" content=\"Polat Paland\u00f6ken - T\u00fcrkiye&#039;nin en iyi Kayak Oteli\" \/>\n<meta property=\"article:modified_time\" content=\"2025-12-11T09:07:16+00:00\" \/>\n<meta name=\"twitter:card\" content=\"summary_large_image\" \/>\n<script type=\"application\/ld+json\" class=\"yoast-schema-graph\">{\"@context\":\"https:\/\/schema.org\",\"@graph\":[{\"@type\":\"WebPage\",\"@id\":\"https:\/\/polatpalandoken.com\/canli-yayin\/\",\"url\":\"https:\/\/polatpalandoken.com\/canli-yayin\/\",\"name\":\"Canl\u0131 Yay\u0131n - Polat Paland\u00f6ken - T\u00fcrkiye&#039;nin en iyi Kayak Oteli\",\"isPartOf\":{\"@id\":\"https:\/\/polatpalandoken.com\/#website\"},\"datePublished\":\"2025-04-18T08:01:05+00:00\",\"dateModified\":\"2025-12-11T09:07:16+00:00\",\"breadcrumb\":{\"@id\":\"https:\/\/polatpalandoken.com\/canli-yayin\/#breadcrumb\"},\"inLanguage\":\"tr\",\"potentialAction\":[{\"@type\":\"ReadAction\",\"target\":[\"https:\/\/polatpalandoken.com\/canli-yayin\/\"]}]},{\"@type\":\"BreadcrumbList\",\"@id\":\"https:\/\/polatpalandoken.com\/canli-yayin\/#breadcrumb\",\"itemListElement\":[{\"@type\":\"ListItem\",\"position\":1,\"name\":\"Home\",\"item\":\"https:\/\/polatpalandoken.com\/\"},{\"@type\":\"ListItem\",\"position\":2,\"name\":\"Canl\u0131 Yay\u0131n\"}]},{\"@type\":\"WebSite\",\"@id\":\"https:\/\/polatpalandoken.com\/#website\",\"url\":\"https:\/\/polatpalandoken.com\/\",\"name\":\"Polat Pand\u00f6ken - T\u00fcrkiye'nin en iyi Kayak Oteli\",\"description\":\"T\u00fcrkiye&#039;nin en iyi Kayak Oteli\",\"publisher\":{\"@id\":\"https:\/\/polatpalandoken.com\/#organization\"},\"alternateName\":\"Polat Pand\u00f6ken - T\u00fcrkiye'nin en iyi Kayak Oteli\",\"potentialAction\":[{\"@type\":\"SearchAction\",\"target\":{\"@type\":\"EntryPoint\",\"urlTemplate\":\"https:\/\/polatpalandoken.com\/?s={search_term_string}\"},\"query-input\":\"required name=search_term_string\"}],\"inLanguage\":\"tr\"},{\"@type\":\"Organization\",\"@id\":\"https:\/\/polatpalandoken.com\/#organization\",\"name\":\"Polat Pand\u00f6ken - T\u00fcrkiye'nin en iyi Kayak Oteli\",\"alternateName\":\"Polat Pand\u00f6ken - T\u00fcrkiye'nin en iyi Kayak Oteli\",\"url\":\"https:\/\/polatpalandoken.com\/\",\"logo\":{\"@type\":\"ImageObject\",\"inLanguage\":\"tr\",\"@id\":\"https:\/\/polatpalandoken.com\/#\/schema\/logo\/image\/\",\"url\":\"https:\/\/polatpalandoken.com\/wp-content\/uploads\/2022\/10\/logo-w.svg\",\"contentUrl\":\"https:\/\/polatpalandoken.com\/wp-content\/uploads\/2022\/10\/logo-w.svg\",\"width\":220,\"height\":55,\"caption\":\"Polat Pand\u00f6ken - T\u00fcrkiye'nin en iyi Kayak Oteli\"},\"image\":{\"@id\":\"https:\/\/polatpalandoken.com\/#\/schema\/logo\/image\/\"}}]}<\/script>\n<!-- \/ Yoast SEO Premium plugin. -->","yoast_head_json":{"title":"Canl\u0131 Yay\u0131n - Polat Paland\u00f6ken - T\u00fcrkiye&#039;nin en iyi Kayak Oteli","robots":{"index":"index","follow":"follow","max-snippet":"max-snippet:-1","max-image-preview":"max-image-preview:large","max-video-preview":"max-video-preview:-1"},"canonical":"https:\/\/polatpalandoken.com\/tr\/canli-yayin\/","og_locale":"tr_TR","og_type":"article","og_title":"Canl\u0131 Yay\u0131n","og_url":"https:\/\/polatpalandoken.com\/tr\/canli-yayin\/","og_site_name":"Polat Paland\u00f6ken - T\u00fcrkiye&#039;nin en iyi Kayak Oteli","article_modified_time":"2025-12-11T09:07:16+00:00","twitter_card":"summary_large_image","schema":{"@context":"https:\/\/schema.org","@graph":[{"@type":"WebPage","@id":"https:\/\/polatpalandoken.com\/canli-yayin\/","url":"https:\/\/polatpalandoken.com\/canli-yayin\/","name":"Canl\u0131 Yay\u0131n - Polat Paland\u00f6ken - T\u00fcrkiye&#039;nin en iyi Kayak Oteli","isPartOf":{"@id":"https:\/\/polatpalandoken.com\/#website"},"datePublished":"2025-04-18T08:01:05+00:00","dateModified":"2025-12-11T09:07:16+00:00","breadcrumb":{"@id":"https:\/\/polatpalandoken.com\/canli-yayin\/#breadcrumb"},"inLanguage":"tr","potentialAction":[{"@type":"ReadAction","target":["https:\/\/polatpalandoken.com\/canli-yayin\/"]}]},{"@type":"BreadcrumbList","@id":"https:\/\/polatpalandoken.com\/canli-yayin\/#breadcrumb","itemListElement":[{"@type":"ListItem","position":1,"name":"Home","item":"https:\/\/polatpalandoken.com\/"},{"@type":"ListItem","position":2,"name":"Canl\u0131 Yay\u0131n"}]},{"@type":"WebSite","@id":"https:\/\/polatpalandoken.com\/#website","url":"https:\/\/polatpalandoken.com\/","name":"Polat Pand\u00f6ken - T\u00fcrkiye'nin en iyi Kayak Oteli","description":"T\u00fcrkiye&#039;nin en iyi Kayak Oteli","publisher":{"@id":"https:\/\/polatpalandoken.com\/#organization"},"alternateName":"Polat Pand\u00f6ken - T\u00fcrkiye'nin en iyi Kayak Oteli","potentialAction":[{"@type":"SearchAction","target":{"@type":"EntryPoint","urlTemplate":"https:\/\/polatpalandoken.com\/?s={search_term_string}"},"query-input":"required name=search_term_string"}],"inLanguage":"tr"},{"@type":"Organization","@id":"https:\/\/polatpalandoken.com\/#organization","name":"Polat Pand\u00f6ken - T\u00fcrkiye'nin en iyi Kayak Oteli","alternateName":"Polat Pand\u00f6ken - T\u00fcrkiye'nin en iyi Kayak Oteli","url":"https:\/\/polatpalandoken.com\/","logo":{"@type":"ImageObject","inLanguage":"tr","@id":"https:\/\/polatpalandoken.com\/#\/schema\/logo\/image\/","url":"https:\/\/polatpalandoken.com\/wp-content\/uploads\/2022\/10\/logo-w.svg","contentUrl":"https:\/\/polatpalandoken.com\/wp-content\/uploads\/2022\/10\/logo-w.svg","width":220,"height":55,"caption":"Polat Pand\u00f6ken - T\u00fcrkiye'nin en iyi Kayak Oteli"},"image":{"@id":"https:\/\/polatpalandoken.com\/#\/schema\/logo\/image\/"}}]}},"_links":{"self":[{"href":"https:\/\/polatpalandoken.com\/tr\/wp-json\/wp\/v2\/pages\/3037","targetHints":{"allow":["GET"]}}],"collection":[{"href":"https:\/\/polatpalandoken.com\/tr\/wp-json\/wp\/v2\/pages"}],"about":[{"href":"https:\/\/polatpalandoken.com\/tr\/wp-json\/wp\/v2\/types\/page"}],"author":[{"embeddable":true,"href":"https:\/\/polatpalandoken.com\/tr\/wp-json\/wp\/v2\/users\/1"}],"replies":[{"embeddable":true,"href":"https:\/\/polatpalandoken.com\/tr\/wp-json\/wp\/v2\/comments?post=3037"}],"version-history":[{"count":94,"href":"https:\/\/polatpalandoken.com\/tr\/wp-json\/wp\/v2\/pages\/3037\/revisions"}],"predecessor-version":[{"id":3560,"href":"https:\/\/polatpalandoken.com\/tr\/wp-json\/wp\/v2\/pages\/3037\/revisions\/3560"}],"wp:attachment":[{"href":"https:\/\/polatpalandoken.com\/tr\/wp-json\/wp\/v2\/media?parent=3037"}],"curies":[{"name":"wp","href":"https:\/\/api.w.org\/{rel}","templated":true}]}}