{"id":283,"date":"2022-11-01T23:07:00","date_gmt":"2022-11-01T23:07:00","guid":{"rendered":"https:\/\/polatpalandoken.com\/?page_id=283"},"modified":"2023-10-12T19:25:09","modified_gmt":"2023-10-12T19:25:09","slug":"toplanti-organizasyon","status":"publish","type":"page","link":"https:\/\/polatpalandoken.com\/en\/toplanti-organizasyon\/","title":{"rendered":"MEETING \/ ORGANIZATION"},"content":{"rendered":"<div data-elementor-type=\"wp-page\" data-elementor-id=\"283\" class=\"elementor elementor-283\">\n\t\t\t\t\t\t\t\t\t<section class=\"elementor-section elementor-top-section elementor-element elementor-element-d966acb elementor-section-full_width elementor-section-height-default elementor-section-height-default\" data-id=\"d966acb\" data-element_type=\"section\">\n\t\t\t\t\t\t<div class=\"elementor-container elementor-column-gap-no\">\n\t\t\t\t\t<div class=\"elementor-column elementor-col-100 elementor-top-column elementor-element elementor-element-d03752c\" data-id=\"d03752c\" data-element_type=\"column\">\n\t\t\t<div class=\"elementor-widget-wrap elementor-element-populated\">\n\t\t\t\t\t\t\t\t<div class=\"elementor-element elementor-element-4611a49 elementor-widget elementor-widget-image\" data-id=\"4611a49\" data-element_type=\"widget\" data-widget_type=\"image.default\">\n\t\t\t\t<div class=\"elementor-widget-container\">\n\t\t\t<style>\/*! elementor - v3.7.4 - 31-08-2022 *\/\n.elementor-widget-image{text-align:center}.elementor-widget-image a{display:inline-block}.elementor-widget-image a img[src$=\".svg\"]{width:48px}.elementor-widget-image img{vertical-align:middle;display:inline-block}<\/style>\t\t\t\t\t\t\t\t\t\t\t\t<img loading=\"lazy\" decoding=\"async\" width=\"1900\" height=\"700\" src=\"https:\/\/polatpalandoken.com\/wp-content\/uploads\/2022\/11\/canopy_lobby_09.webp\" class=\"attachment-full size-full\" alt=\"\" srcset=\"https:\/\/polatpalandoken.com\/wp-content\/uploads\/2022\/11\/canopy_lobby_09.webp 1900w, https:\/\/polatpalandoken.com\/wp-content\/uploads\/2022\/11\/canopy_lobby_09-300x111.webp 300w, https:\/\/polatpalandoken.com\/wp-content\/uploads\/2022\/11\/canopy_lobby_09-1024x377.webp 1024w, https:\/\/polatpalandoken.com\/wp-content\/uploads\/2022\/11\/canopy_lobby_09-768x283.webp 768w, https:\/\/polatpalandoken.com\/wp-content\/uploads\/2022\/11\/canopy_lobby_09-1536x566.webp 1536w\" sizes=\"auto, (max-width: 1900px) 100vw, 1900px\" \/>\t\t\t\t\t\t\t\t\t\t\t\t\t\t\t<\/div>\n\t\t\t\t<\/div>\n\t\t\t\t\t<\/div>\n\t\t<\/div>\n\t\t\t\t\t\t\t<\/div>\n\t\t<\/section>\n\t\t\t\t<section class=\"elementor-section elementor-top-section elementor-element elementor-element-b9be940 elementor-section-full_width elementor-section-height-default elementor-section-height-default\" data-id=\"b9be940\" data-element_type=\"section\" data-settings=\"{&quot;background_background&quot;:&quot;classic&quot;}\">\n\t\t\t\t\t\t<div class=\"elementor-container elementor-column-gap-default\">\n\t\t\t\t\t<div class=\"elementor-column elementor-col-100 elementor-top-column elementor-element elementor-element-79fa206\" data-id=\"79fa206\" data-element_type=\"column\">\n\t\t\t<div class=\"elementor-widget-wrap elementor-element-populated\">\n\t\t\t\t\t\t\t\t<div class=\"elementor-element elementor-element-2c25aaa elementor-widget elementor-widget-heading\" data-id=\"2c25aaa\" data-element_type=\"widget\" data-widget_type=\"heading.default\">\n\t\t\t\t<div class=\"elementor-widget-container\">\n\t\t\t<style>\/*! elementor - v3.7.4 - 31-08-2022 *\/\n.elementor-heading-title{padding:0;margin:0;line-height:1}.elementor-widget-heading .elementor-heading-title[class*=elementor-size-]>a{color:inherit;font-size:inherit;line-height:inherit}.elementor-widget-heading .elementor-heading-title.elementor-size-small{font-size:15px}.elementor-widget-heading .elementor-heading-title.elementor-size-medium{font-size:19px}.elementor-widget-heading .elementor-heading-title.elementor-size-large{font-size:29px}.elementor-widget-heading .elementor-heading-title.elementor-size-xl{font-size:39px}.elementor-widget-heading .elementor-heading-title.elementor-size-xxl{font-size:59px}<\/style><h2 class=\"elementor-heading-title elementor-size-default\">MEETING \/ ORGANIZATION<\/h2>\t\t<\/div>\n\t\t\t\t<\/div>\n\t\t\t\t<div class=\"elementor-element elementor-element-921fe97 elementor-widget elementor-widget-text-editor\" data-id=\"921fe97\" data-element_type=\"widget\" data-widget_type=\"text-editor.default\">\n\t\t\t\t<div class=\"elementor-widget-container\">\n\t\t\t<style>\/*! elementor - v3.7.4 - 31-08-2022 *\/\n.elementor-widget-text-editor.elementor-drop-cap-view-stacked .elementor-drop-cap{background-color:#818a91;color:#fff}.elementor-widget-text-editor.elementor-drop-cap-view-framed .elementor-drop-cap{color:#818a91;border:3px solid;background-color:transparent}.elementor-widget-text-editor:not(.elementor-drop-cap-view-default) .elementor-drop-cap{margin-top:8px}.elementor-widget-text-editor:not(.elementor-drop-cap-view-default) .elementor-drop-cap-letter{width:1em;height:1em}.elementor-widget-text-editor .elementor-drop-cap{float:left;text-align:center;line-height:1;font-size:50px}.elementor-widget-text-editor .elementor-drop-cap-letter{display:inline-block}<\/style>\t\t\t\t<p>We have thought of every facility and technology you need for your business meetings down to the finest detail. A professional team, state-of-the-art equipment, enhanced comfort and exquisite flavors...<\/p><p>Up to 950 people, you can realize all your meetings, invitations and organizations with the privilege of Polat Paland\u00f6ken. Chapter 1-2 halls, Big Room and Workshop rooms, which can be converted into four different halls when needed, are ready for your professional meetings or special invitations.<\/p><div style=\"overflow-x: auto;\"><table class=\"border\" border=\"0\" cellspacing=\"0\" cellpadding=\"0\"><tbody><tr><td><strong>Hall<\/strong><\/td><td><strong>Size (M)<br \/>G x D x Y<\/strong><\/td><td><strong>Field<br \/>(M2)<\/strong><\/td><td><strong>Theatre<\/strong><\/td><td><strong>Class<\/strong><\/td><td><strong>Feast<\/strong><\/td><td><strong>Coctail<\/strong><\/td><\/tr><tr><td>CHAPTER 1<\/td><td>11 x 10 x 4,2<\/td><td>110<\/td><td>80<\/td><td>55<\/td><td>50<\/td><td>80<\/td><\/tr><tr><td>CHAPTER 2<\/td><td>12 x 8 x 4,2<\/td><td>96<\/td><td>50<\/td><td>35<\/td><td>\u00a0<\/td><td><strong>\u00a0<\/strong><\/td><\/tr><tr><td>CHAPTER 1+2<\/td><td>11 x 18 x 4,2<\/td><td>206<\/td><td>230<\/td><td>150<\/td><td>110<\/td><td>150<\/td><\/tr><tr><td>Big Room \u00a0A<\/td><td>19 x 12,8 x 3,85<\/td><td>235<\/td><td>100<\/td><td>60<\/td><td>120<\/td><td>150<\/td><\/tr><tr><td>Big Room \u00a0B<\/td><td>28 x 18 x 3,85<\/td><td>504<\/td><td>300<\/td><td>150<\/td><td>270<\/td><td>350<\/td><\/tr><tr><td>Big Room \u00a0A+B<\/td><td>47 x 18 x 3,85<\/td><td>739<\/td><td>700<\/td><td>300<\/td><td>550<\/td><td>750<\/td><\/tr><\/tbody><\/table><\/div>\t\t\t\t\t\t<\/div>\n\t\t\t\t<\/div>\n\t\t\t\t\t<\/div>\n\t\t<\/div>\n\t\t\t\t\t\t\t<\/div>\n\t\t<\/section>\n\t\t\t\t\t\t\t<\/div>","protected":false},"excerpt":{"rendered":"<p>TOPLANTI \/ ORGAN\u0130ZASYON \u0130\u015f toplant\u0131lar\u0131n\u0131z i\u00e7in ihtiyac\u0131n\u0131z olan her t\u00fcrl\u00fc imkan ve teknolojiyi en ince detay\u0131na kadar d\u00fc\u015f\u00fcnd\u00fck. Profesyonel bir ekip, en son teknolojiye sahip ekipman, art\u0131r\u0131lm\u0131\u015f konfor ve se\u00e7kin lezzetler&#8230; 950 ki\u015fiye kadar t\u00fcm toplant\u0131, davet ve organizasyonlar\u0131n\u0131z\u0131 Polat Paland\u00f6ken ayr\u0131cal\u0131\u011f\u0131nda ger\u00e7ele\u015ftirebilirsiniz. Gerekti\u011finde d\u00f6rt farkl\u0131 salona d\u00f6n\u00fc\u015ft\u00fcr\u00fclebilen Chapter 1-2 salonlar\u0131, Big Room ve Workshop &hellip;<\/p>\n<p class=\"read-more\"> <a class=\"\" href=\"https:\/\/polatpalandoken.com\/en\/toplanti-organizasyon\/\"> <span class=\"screen-reader-text\">MEETING \/ ORGANIZATION<\/span> Read More &raquo;<\/a><\/p>","protected":false},"author":1,"featured_media":0,"parent":0,"menu_order":0,"comment_status":"closed","ping_status":"closed","template":"","meta":{"inline_featured_image":false,"site-sidebar-layout":"no-sidebar","site-content-layout":"page-builder","ast-global-header-display":"","ast-main-header-display":"","ast-hfb-above-header-display":"","ast-hfb-below-header-display":"","ast-hfb-mobile-header-display":"","site-post-title":"disabled","ast-breadcrumbs-content":"","ast-featured-img":"disabled","footer-sml-layout":"","theme-transparent-header-meta":"default","adv-header-id-meta":"","stick-header-meta":"","header-above-stick-meta":"","header-main-stick-meta":"","header-below-stick-meta":"","footnotes":""},"class_list":["post-283","page","type-page","status-publish","hentry"],"yoast_head":"<!-- This site is optimized with the Yoast SEO Premium plugin v17.3 (Yoast SEO v19.12) - https:\/\/yoast.com\/wordpress\/plugins\/seo\/ -->\n<title>TOPLANTI \/ ORGAN\u0130ZASYON - Polat Paland\u00f6ken - T\u00fcrkiye&#039;nin en iyi Kayak Oteli<\/title>\n<meta name=\"description\" content=\"\u0130\u015f toplant\u0131lar\u0131n\u0131z i\u00e7in ihtiyac\u0131n\u0131z olan her t\u00fcrl\u00fc imkan ve teknolojiyi en ince detay\u0131na kadar d\u00fc\u015f\u00fcnd\u00fck. Profesyonel bir ekip, son teknoloji\" \/>\n<meta name=\"robots\" content=\"index, follow, max-snippet:-1, max-image-preview:large, max-video-preview:-1\" \/>\n<link rel=\"canonical\" href=\"https:\/\/polatpalandoken.com\/en\/toplanti-organizasyon\/toplanti-organizasyon\/\" \/>\n<meta property=\"og:locale\" content=\"en_US\" \/>\n<meta property=\"og:type\" content=\"article\" \/>\n<meta property=\"og:title\" content=\"TOPLANTI \/ ORGAN\u0130ZASYON\" \/>\n<meta property=\"og:description\" content=\"\u0130\u015f toplant\u0131lar\u0131n\u0131z i\u00e7in ihtiyac\u0131n\u0131z olan her t\u00fcrl\u00fc imkan ve teknolojiyi en ince detay\u0131na kadar d\u00fc\u015f\u00fcnd\u00fck. Profesyonel bir ekip, son teknoloji\" \/>\n<meta property=\"og:url\" content=\"https:\/\/polatpalandoken.com\/en\/toplanti-organizasyon\/toplanti-organizasyon\/\" \/>\n<meta property=\"og:site_name\" content=\"Polat Paland\u00f6ken - T\u00fcrkiye&#039;nin en iyi Kayak Oteli\" \/>\n<meta property=\"article:modified_time\" content=\"2023-10-12T19:25:09+00:00\" \/>\n<meta property=\"og:image\" content=\"https:\/\/polatpalandoken.com\/wp-content\/uploads\/2022\/11\/canopy_lobby_09.webp\" \/>\n<meta name=\"twitter:card\" content=\"summary_large_image\" \/>\n<meta name=\"twitter:label1\" content=\"Est. reading time\" \/>\n\t<meta name=\"twitter:data1\" content=\"2 minutes\" \/>\n<script type=\"application\/ld+json\" class=\"yoast-schema-graph\">{\"@context\":\"https:\/\/schema.org\",\"@graph\":[{\"@type\":\"WebPage\",\"@id\":\"https:\/\/polatpalandoken.com\/toplanti-organizasyon\/\",\"url\":\"https:\/\/polatpalandoken.com\/toplanti-organizasyon\/\",\"name\":\"TOPLANTI \/ ORGAN\u0130ZASYON - Polat Paland\u00f6ken - T\u00fcrkiye&#039;nin en iyi Kayak Oteli\",\"isPartOf\":{\"@id\":\"https:\/\/polatpalandoken.com\/#website\"},\"datePublished\":\"2022-11-01T23:07:00+00:00\",\"dateModified\":\"2023-10-12T19:25:09+00:00\",\"description\":\"\u0130\u015f toplant\u0131lar\u0131n\u0131z i\u00e7in ihtiyac\u0131n\u0131z olan her t\u00fcrl\u00fc imkan ve teknolojiyi en ince detay\u0131na kadar d\u00fc\u015f\u00fcnd\u00fck. Profesyonel bir ekip, son teknoloji\",\"breadcrumb\":{\"@id\":\"https:\/\/polatpalandoken.com\/toplanti-organizasyon\/#breadcrumb\"},\"inLanguage\":\"en-US\",\"potentialAction\":[{\"@type\":\"ReadAction\",\"target\":[\"https:\/\/polatpalandoken.com\/toplanti-organizasyon\/\"]}]},{\"@type\":\"BreadcrumbList\",\"@id\":\"https:\/\/polatpalandoken.com\/toplanti-organizasyon\/#breadcrumb\",\"itemListElement\":[{\"@type\":\"ListItem\",\"position\":1,\"name\":\"Home\",\"item\":\"https:\/\/polatpalandoken.com\/\"},{\"@type\":\"ListItem\",\"position\":2,\"name\":\"TOPLANTI \/ ORGAN\u0130ZASYON\"}]},{\"@type\":\"WebSite\",\"@id\":\"https:\/\/polatpalandoken.com\/#website\",\"url\":\"https:\/\/polatpalandoken.com\/\",\"name\":\"Polat Pand\u00f6ken - T\u00fcrkiye'nin en iyi Kayak Oteli\",\"description\":\"T\u00fcrkiye&#039;nin en iyi Kayak Oteli\",\"publisher\":{\"@id\":\"https:\/\/polatpalandoken.com\/#organization\"},\"alternateName\":\"Polat Pand\u00f6ken - T\u00fcrkiye'nin en iyi Kayak Oteli\",\"potentialAction\":[{\"@type\":\"SearchAction\",\"target\":{\"@type\":\"EntryPoint\",\"urlTemplate\":\"https:\/\/polatpalandoken.com\/?s={search_term_string}\"},\"query-input\":\"required name=search_term_string\"}],\"inLanguage\":\"en-US\"},{\"@type\":\"Organization\",\"@id\":\"https:\/\/polatpalandoken.com\/#organization\",\"name\":\"Polat Pand\u00f6ken - T\u00fcrkiye'nin en iyi Kayak Oteli\",\"alternateName\":\"Polat Pand\u00f6ken - T\u00fcrkiye'nin en iyi Kayak Oteli\",\"url\":\"https:\/\/polatpalandoken.com\/\",\"logo\":{\"@type\":\"ImageObject\",\"inLanguage\":\"en-US\",\"@id\":\"https:\/\/polatpalandoken.com\/#\/schema\/logo\/image\/\",\"url\":\"https:\/\/polatpalandoken.com\/wp-content\/uploads\/2022\/10\/logo-w.svg\",\"contentUrl\":\"https:\/\/polatpalandoken.com\/wp-content\/uploads\/2022\/10\/logo-w.svg\",\"width\":220,\"height\":55,\"caption\":\"Polat Pand\u00f6ken - T\u00fcrkiye'nin en iyi Kayak Oteli\"},\"image\":{\"@id\":\"https:\/\/polatpalandoken.com\/#\/schema\/logo\/image\/\"}}]}<\/script>\n<!-- \/ Yoast SEO Premium plugin. -->","yoast_head_json":{"title":"TOPLANTI \/ ORGAN\u0130ZASYON - Polat Paland\u00f6ken - T\u00fcrkiye&#039;nin en iyi Kayak Oteli","description":"\u0130\u015f toplant\u0131lar\u0131n\u0131z i\u00e7in ihtiyac\u0131n\u0131z olan her t\u00fcrl\u00fc imkan ve teknolojiyi en ince detay\u0131na kadar d\u00fc\u015f\u00fcnd\u00fck. Profesyonel bir ekip, son teknoloji","robots":{"index":"index","follow":"follow","max-snippet":"max-snippet:-1","max-image-preview":"max-image-preview:large","max-video-preview":"max-video-preview:-1"},"canonical":"https:\/\/polatpalandoken.com\/en\/toplanti-organizasyon\/toplanti-organizasyon\/","og_locale":"en_US","og_type":"article","og_title":"TOPLANTI \/ ORGAN\u0130ZASYON","og_description":"\u0130\u015f toplant\u0131lar\u0131n\u0131z i\u00e7in ihtiyac\u0131n\u0131z olan her t\u00fcrl\u00fc imkan ve teknolojiyi en ince detay\u0131na kadar d\u00fc\u015f\u00fcnd\u00fck. Profesyonel bir ekip, son teknoloji","og_url":"https:\/\/polatpalandoken.com\/en\/toplanti-organizasyon\/toplanti-organizasyon\/","og_site_name":"Polat Paland\u00f6ken - T\u00fcrkiye&#039;nin en iyi Kayak Oteli","article_modified_time":"2023-10-12T19:25:09+00:00","og_image":[{"url":"https:\/\/polatpalandoken.com\/wp-content\/uploads\/2022\/11\/canopy_lobby_09.webp"}],"twitter_card":"summary_large_image","twitter_misc":{"Est. reading time":"2 minutes"},"schema":{"@context":"https:\/\/schema.org","@graph":[{"@type":"WebPage","@id":"https:\/\/polatpalandoken.com\/toplanti-organizasyon\/","url":"https:\/\/polatpalandoken.com\/toplanti-organizasyon\/","name":"TOPLANTI \/ ORGAN\u0130ZASYON - Polat Paland\u00f6ken - T\u00fcrkiye&#039;nin en iyi Kayak Oteli","isPartOf":{"@id":"https:\/\/polatpalandoken.com\/#website"},"datePublished":"2022-11-01T23:07:00+00:00","dateModified":"2023-10-12T19:25:09+00:00","description":"\u0130\u015f toplant\u0131lar\u0131n\u0131z i\u00e7in ihtiyac\u0131n\u0131z olan her t\u00fcrl\u00fc imkan ve teknolojiyi en ince detay\u0131na kadar d\u00fc\u015f\u00fcnd\u00fck. Profesyonel bir ekip, son teknoloji","breadcrumb":{"@id":"https:\/\/polatpalandoken.com\/toplanti-organizasyon\/#breadcrumb"},"inLanguage":"en-US","potentialAction":[{"@type":"ReadAction","target":["https:\/\/polatpalandoken.com\/toplanti-organizasyon\/"]}]},{"@type":"BreadcrumbList","@id":"https:\/\/polatpalandoken.com\/toplanti-organizasyon\/#breadcrumb","itemListElement":[{"@type":"ListItem","position":1,"name":"Home","item":"https:\/\/polatpalandoken.com\/"},{"@type":"ListItem","position":2,"name":"TOPLANTI \/ ORGAN\u0130ZASYON"}]},{"@type":"WebSite","@id":"https:\/\/polatpalandoken.com\/#website","url":"https:\/\/polatpalandoken.com\/","name":"Polat Pand\u00f6ken - T\u00fcrkiye'nin en iyi Kayak Oteli","description":"T\u00fcrkiye&#039;nin en iyi Kayak Oteli","publisher":{"@id":"https:\/\/polatpalandoken.com\/#organization"},"alternateName":"Polat Pand\u00f6ken - T\u00fcrkiye'nin en iyi Kayak Oteli","potentialAction":[{"@type":"SearchAction","target":{"@type":"EntryPoint","urlTemplate":"https:\/\/polatpalandoken.com\/?s={search_term_string}"},"query-input":"required name=search_term_string"}],"inLanguage":"en-US"},{"@type":"Organization","@id":"https:\/\/polatpalandoken.com\/#organization","name":"Polat Pand\u00f6ken - T\u00fcrkiye'nin en iyi Kayak Oteli","alternateName":"Polat Pand\u00f6ken - T\u00fcrkiye'nin en iyi Kayak Oteli","url":"https:\/\/polatpalandoken.com\/","logo":{"@type":"ImageObject","inLanguage":"en-US","@id":"https:\/\/polatpalandoken.com\/#\/schema\/logo\/image\/","url":"https:\/\/polatpalandoken.com\/wp-content\/uploads\/2022\/10\/logo-w.svg","contentUrl":"https:\/\/polatpalandoken.com\/wp-content\/uploads\/2022\/10\/logo-w.svg","width":220,"height":55,"caption":"Polat Pand\u00f6ken - T\u00fcrkiye'nin en iyi Kayak Oteli"},"image":{"@id":"https:\/\/polatpalandoken.com\/#\/schema\/logo\/image\/"}}]}},"_links":{"self":[{"href":"https:\/\/polatpalandoken.com\/en\/wp-json\/wp\/v2\/pages\/283","targetHints":{"allow":["GET"]}}],"collection":[{"href":"https:\/\/polatpalandoken.com\/en\/wp-json\/wp\/v2\/pages"}],"about":[{"href":"https:\/\/polatpalandoken.com\/en\/wp-json\/wp\/v2\/types\/page"}],"author":[{"embeddable":true,"href":"https:\/\/polatpalandoken.com\/en\/wp-json\/wp\/v2\/users\/1"}],"replies":[{"embeddable":true,"href":"https:\/\/polatpalandoken.com\/en\/wp-json\/wp\/v2\/comments?post=283"}],"version-history":[{"count":31,"href":"https:\/\/polatpalandoken.com\/en\/wp-json\/wp\/v2\/pages\/283\/revisions"}],"predecessor-version":[{"id":2126,"href":"https:\/\/polatpalandoken.com\/en\/wp-json\/wp\/v2\/pages\/283\/revisions\/2126"}],"wp:attachment":[{"href":"https:\/\/polatpalandoken.com\/en\/wp-json\/wp\/v2\/media?parent=283"}],"curies":[{"name":"wp","href":"https:\/\/api.w.org\/{rel}","templated":true}]}}